{"id":35,"date":"2024-11-19T14:33:49","date_gmt":"2024-11-19T17:33:49","guid":{"rendered":"http:\/\/editorialbabel.com.ar\/?post_type=product&#038;p=35"},"modified":"2024-11-19T14:33:50","modified_gmt":"2024-11-19T17:33:50","slug":"el-mono-que-asesino-horacio-quiroga","status":"publish","type":"product","link":"https:\/\/editorialbabel.com.ar\/?product=el-mono-que-asesino-horacio-quiroga","title":{"rendered":"El mono que asesin\u00f3 \/\/ Horacio Quiroga"},"content":{"rendered":"<p><span style=\"color: #c10508;\">Narrativa\u00a0<\/span>&#8211; cod.21<\/p>\n<p>Versi\u00f3n de bolsillo de una novela de Quiroga que combina la literatura fant\u00e1stica, la ciencia ficci\u00f3n y el esp\u00edritu de los relatos de misterio.<\/p>\n","protected":false},"excerpt":{"rendered":"<p>Narrativa\u00a0&#8211; cod.21 Versi\u00f3n de bolsillo de una novela de Quiroga que combina la literatura fant\u00e1stica, la ciencia ficci\u00f3n y el esp\u00edritu de los relatos de misterio.<\/p>\n","protected":false},"featured_media":36,"comment_status":"open","ping_status":"closed","template":"","meta":[],"product_cat":[23],"product_tag":[],"class_list":{"0":"post-35","1":"product","2":"type-product","3":"status-publish","4":"has-post-thumbnail","6":"product_cat-narrativa","8":"first","9":"instock","10":"taxable","11":"shipping-taxable","12":"purchasable","13":"product-type-simple"},"_links":{"self":[{"href":"https:\/\/editorialbabel.com.ar\/index.php?rest_route=\/wp\/v2\/product\/35","targetHints":{"allow":["GET"]}}],"collection":[{"href":"https:\/\/editorialbabel.com.ar\/index.php?rest_route=\/wp\/v2\/product"}],"about":[{"href":"https:\/\/editorialbabel.com.ar\/index.php?rest_route=\/wp\/v2\/types\/product"}],"replies":[{"embeddable":true,"href":"https:\/\/editorialbabel.com.ar\/index.php?rest_route=%2Fwp%2Fv2%2Fcomments&post=35"}],"wp:featuredmedia":[{"embeddable":true,"href":"https:\/\/editorialbabel.com.ar\/index.php?rest_route=\/wp\/v2\/media\/36"}],"wp:attachment":[{"href":"https:\/\/editorialbabel.com.ar\/index.php?rest_route=%2Fwp%2Fv2%2Fmedia&parent=35"}],"wp:term":[{"taxonomy":"product_cat","embeddable":true,"href":"https:\/\/editorialbabel.com.ar\/index.php?rest_route=%2Fwp%2Fv2%2Fproduct_cat&post=35"},{"taxonomy":"product_tag","embeddable":true,"href":"https:\/\/editorialbabel.com.ar\/index.php?rest_route=%2Fwp%2Fv2%2Fproduct_tag&post=35"}],"curies":[{"name":"wp","href":"https:\/\/api.w.org\/{rel}","templated":true}]}}